{"id":2379,"date":"2022-07-11T12:07:28","date_gmt":"2022-07-11T12:07:28","guid":{"rendered":"http:\/\/tplabs.co\/agrios\/?page_id=2379"},"modified":"2024-02-06T10:54:39","modified_gmt":"2024-02-06T09:54:39","slug":"lentreprise","status":"publish","type":"page","link":"https:\/\/sinnunu.com\/web\/lentreprise\/","title":{"rendered":"L&rsquo;entreprise"},"content":{"rendered":"\t\t<div data-elementor-type=\"wp-page\" data-elementor-id=\"2379\" class=\"elementor elementor-2379\" data-elementor-post-type=\"page\">\n\t\t\t\t\t\t\t<div class=\"elementor-element elementor-element-771268a e-flex e-con-boxed e-con e-parent\" data-id=\"771268a\" data-element_type=\"container\" data-settings=\"{&quot;content_width&quot;:&quot;boxed&quot;}\" data-core-v316-plus=\"true\">\n\t\t\t\t\t<div class=\"e-con-inner\">\n\t\t\t\t<div class=\"elementor-element elementor-element-a9f6f73 elementor-widget elementor-widget-spacer\" data-id=\"a9f6f73\" data-element_type=\"widget\" data-widget_type=\"spacer.default\">\n\t\t\t\t<div class=\"elementor-widget-container\">\n\t\t\t<style>\/*! elementor - v3.18.0 - 20-12-2023 *\/\n.elementor-column .elementor-spacer-inner{height:var(--spacer-size)}.e-con{--container-widget-width:100%}.e-con-inner>.elementor-widget-spacer,.e-con>.elementor-widget-spacer{width:var(--container-widget-width,var(--spacer-size));--align-self:var(--container-widget-align-self,initial);--flex-shrink:0}.e-con-inner>.elementor-widget-spacer>.elementor-widget-container,.e-con>.elementor-widget-spacer>.elementor-widget-container{height:100%;width:100%}.e-con-inner>.elementor-widget-spacer>.elementor-widget-container>.elementor-spacer,.e-con>.elementor-widget-spacer>.elementor-widget-container>.elementor-spacer{height:100%}.e-con-inner>.elementor-widget-spacer>.elementor-widget-container>.elementor-spacer>.elementor-spacer-inner,.e-con>.elementor-widget-spacer>.elementor-widget-container>.elementor-spacer>.elementor-spacer-inner{height:var(--container-widget-height,var(--spacer-size))}.e-con-inner>.elementor-widget-spacer.elementor-widget-empty,.e-con>.elementor-widget-spacer.elementor-widget-empty{position:relative;min-height:22px;min-width:22px}.e-con-inner>.elementor-widget-spacer.elementor-widget-empty .elementor-widget-empty-icon,.e-con>.elementor-widget-spacer.elementor-widget-empty .elementor-widget-empty-icon{position:absolute;top:0;bottom:0;left:0;right:0;margin:auto;padding:0;width:22px;height:22px}<\/style>\t\t<div class=\"elementor-spacer\">\n\t\t\t<div class=\"elementor-spacer-inner\"><\/div>\n\t\t<\/div>\n\t\t\t\t<\/div>\n\t\t\t\t<\/div>\n\t\t\t\t\t<\/div>\n\t\t\t\t<\/div>\n\t\t\t\t<section class=\"elementor-section elementor-top-section elementor-element elementor-element-1f16a6ed elementor-section-height-min-height elementor-section-boxed elementor-section-height-default elementor-section-items-middle\" data-id=\"1f16a6ed\" data-element_type=\"section\" data-settings=\"{&quot;background_background&quot;:&quot;classic&quot;}\">\n\t\t\t\t\t\t\t<div class=\"elementor-background-overlay\"><\/div>\n\t\t\t\t\t\t\t<div class=\"elementor-container elementor-column-gap-default\">\n\t\t\t\t\t<div class=\"elementor-column elementor-col-100 elementor-top-column elementor-element elementor-element-65aed8c2\" data-id=\"65aed8c2\" data-element_type=\"column\">\n\t\t\t<div class=\"elementor-widget-wrap elementor-element-populated\">\n\t\t\t\t\t\t\t\t<section class=\"elementor-section elementor-inner-section elementor-element elementor-element-51b378a3 elementor-section-boxed elementor-section-height-default elementor-section-height-default\" data-id=\"51b378a3\" data-element_type=\"section\">\n\t\t\t\t\t\t<div class=\"elementor-container elementor-column-gap-default\">\n\t\t\t\t\t<div class=\"elementor-column elementor-col-50 elementor-inner-column elementor-element elementor-element-4cadc7a0\" data-id=\"4cadc7a0\" data-element_type=\"column\">\n\t\t\t<div class=\"elementor-widget-wrap elementor-element-populated\">\n\t\t\t\t\t\t\t\t<div class=\"elementor-element elementor-element-aacceb9 elementor-widget elementor-widget-image\" data-id=\"aacceb9\" data-element_type=\"widget\" data-widget_type=\"image.default\">\n\t\t\t\t<div class=\"elementor-widget-container\">\n\t\t\t<style>\/*! elementor - v3.18.0 - 20-12-2023 *\/\n.elementor-widget-image{text-align:center}.elementor-widget-image a{display:inline-block}.elementor-widget-image a img[src$=\".svg\"]{width:48px}.elementor-widget-image img{vertical-align:middle;display:inline-block}<\/style>\t\t\t\t\t\t\t\t\t\t\t\t<img fetchpriority=\"high\" decoding=\"async\" width=\"964\" height=\"1024\" src=\"https:\/\/sinnunu.com\/web\/wp-content\/uploads\/2023\/12\/410867317_122111913860134003_459299478716619159_n-964x1024.jpg\" class=\"elementor-animation-hang attachment-large size-large wp-image-3037\" alt=\"\" srcset=\"https:\/\/sinnunu.com\/web\/wp-content\/uploads\/2023\/12\/410867317_122111913860134003_459299478716619159_n-964x1024.jpg 964w, https:\/\/sinnunu.com\/web\/wp-content\/uploads\/2023\/12\/410867317_122111913860134003_459299478716619159_n-282x300.jpg 282w, https:\/\/sinnunu.com\/web\/wp-content\/uploads\/2023\/12\/410867317_122111913860134003_459299478716619159_n-768x816.jpg 768w, https:\/\/sinnunu.com\/web\/wp-content\/uploads\/2023\/12\/410867317_122111913860134003_459299478716619159_n-600x638.jpg 600w, https:\/\/sinnunu.com\/web\/wp-content\/uploads\/2023\/12\/410867317_122111913860134003_459299478716619159_n.jpg 1359w\" sizes=\"(max-width: 964px) 100vw, 964px\" \/>\t\t\t\t\t\t\t\t\t\t\t\t\t\t\t<\/div>\n\t\t\t\t<\/div>\n\t\t\t\t<div class=\"elementor-element elementor-element-2255eb0 elementor-widget elementor-widget-image\" data-id=\"2255eb0\" data-element_type=\"widget\" data-widget_type=\"image.default\">\n\t\t\t\t<div class=\"elementor-widget-container\">\n\t\t\t\t\t\t\t\t\t\t\t\t\t\t\t<img decoding=\"async\" width=\"370\" height=\"370\" src=\"https:\/\/sinnunu.com\/web\/wp-content\/uploads\/2022\/07\/cropped-LOGO-370x370.png\" class=\"attachment-mae-std1 size-mae-std1 wp-image-3140\" alt=\"\" srcset=\"https:\/\/sinnunu.com\/web\/wp-content\/uploads\/2022\/07\/cropped-LOGO-370x370.png 370w, https:\/\/sinnunu.com\/web\/wp-content\/uploads\/2022\/07\/cropped-LOGO-300x300.png 300w, https:\/\/sinnunu.com\/web\/wp-content\/uploads\/2022\/07\/cropped-LOGO-150x150.png 150w, https:\/\/sinnunu.com\/web\/wp-content\/uploads\/2022\/07\/cropped-LOGO-60x60.png 60w, https:\/\/sinnunu.com\/web\/wp-content\/uploads\/2022\/07\/cropped-LOGO-100x100.png 100w, https:\/\/sinnunu.com\/web\/wp-content\/uploads\/2022\/07\/cropped-LOGO-270x270.png 270w, https:\/\/sinnunu.com\/web\/wp-content\/uploads\/2022\/07\/cropped-LOGO-192x192.png 192w, https:\/\/sinnunu.com\/web\/wp-content\/uploads\/2022\/07\/cropped-LOGO-180x180.png 180w, https:\/\/sinnunu.com\/web\/wp-content\/uploads\/2022\/07\/cropped-LOGO-32x32.png 32w, https:\/\/sinnunu.com\/web\/wp-content\/uploads\/2022\/07\/cropped-LOGO.png 512w\" sizes=\"(max-width: 370px) 100vw, 370px\" \/>\t\t\t\t\t\t\t\t\t\t\t\t\t\t\t<\/div>\n\t\t\t\t<\/div>\n\t\t\t\t\t<\/div>\n\t\t<\/div>\n\t\t\t\t<div class=\"elementor-column elementor-col-50 elementor-inner-column elementor-element elementor-element-27d41e0a\" data-id=\"27d41e0a\" data-element_type=\"column\" data-settings=\"{&quot;background_background&quot;:&quot;classic&quot;}\">\n\t\t\t<div class=\"elementor-widget-wrap elementor-element-populated\">\n\t\t\t\t\t\t\t\t<div class=\"elementor-element elementor-element-672f3ecd elementor-widget elementor-widget-heading\" data-id=\"672f3ecd\" data-element_type=\"widget\" data-widget_type=\"heading.default\">\n\t\t\t\t<div class=\"elementor-widget-container\">\n\t\t\t<style>\/*! elementor - v3.18.0 - 20-12-2023 *\/\n.elementor-heading-title{padding:0;margin:0;line-height:1}.elementor-widget-heading .elementor-heading-title[class*=elementor-size-]>a{color:inherit;font-size:inherit;line-height:inherit}.elementor-widget-heading .elementor-heading-title.elementor-size-small{font-size:15px}.elementor-widget-heading .elementor-heading-title.elementor-size-medium{font-size:19px}.elementor-widget-heading .elementor-heading-title.elementor-size-large{font-size:29px}.elementor-widget-heading .elementor-heading-title.elementor-size-xl{font-size:39px}.elementor-widget-heading .elementor-heading-title.elementor-size-xxl{font-size:59px}<\/style><h3 class=\"elementor-heading-title elementor-size-default\">Notre Gen\u00e8se<\/h3>\t\t<\/div>\n\t\t\t\t<\/div>\n\t\t\t\t<div class=\"elementor-element elementor-element-357e22cd elementor-widget elementor-widget-text-editor\" data-id=\"357e22cd\" data-element_type=\"widget\" data-widget_type=\"text-editor.default\">\n\t\t\t\t<div class=\"elementor-widget-container\">\n\t\t\t<style>\/*! elementor - v3.18.0 - 20-12-2023 *\/\n.elementor-widget-text-editor.elementor-drop-cap-view-stacked .elementor-drop-cap{background-color:#69727d;color:#fff}.elementor-widget-text-editor.elementor-drop-cap-view-framed .elementor-drop-cap{color:#69727d;border:3px solid;background-color:transparent}.elementor-widget-text-editor:not(.elementor-drop-cap-view-default) .elementor-drop-cap{margin-top:8px}.elementor-widget-text-editor:not(.elementor-drop-cap-view-default) .elementor-drop-cap-letter{width:1em;height:1em}.elementor-widget-text-editor .elementor-drop-cap{float:left;text-align:center;line-height:1;font-size:50px}.elementor-widget-text-editor .elementor-drop-cap-letter{display:inline-block}<\/style>\t\t\t\t<p>Parti du constat que l\u2019acc\u00e8s \u00e0 l\u2019eau de qualit\u00e9 et certifi\u00e9e conforme par les autorit\u00e9s sanitaires \u00e9tait difficile pour une grande majorit\u00e9 des personnes habitant au B\u00e9nin, le projet de SIN NUNU est n\u00e9 pour permettre au b\u00e9ninois de favoriser une vie en bonne sant\u00e9 en respectant le minimum quantitatif d\u2019eau \u00e0 boire journali\u00e8rement par la consommation d\u2019une eau de qualit\u00e9 approuv\u00e9e. En effet, l\u2019eau la plus accessible sur le march\u00e9 de consommation b\u00e9ninois est l\u2019eau en sachet commun\u00e9ment appel\u00e9 \u00ab pure water \u00bb.<\/p><p>SIN NUNU a \u00e9t\u00e9 retenu comme appellation de notre marque car il s\u2019agit pour nous de repr\u00e9senter par notre produit, notre travail et nos services l\u2019authenticit\u00e9 de la culture et du terroir b\u00e9ninois.Nous nous \u00e9rigeons en solution face au besoin vital qu\u2019est la consommation journali\u00e8re d\u2019eau de qualit\u00e9 pour tous au B\u00e9nin ! SIN NUNU a d\u00e9j\u00e0 accompagn\u00e9 des moments intenses de vie tels que des mariages, dots, communions, bapt\u00eames, anniversaires, remise de dipl\u00f4mes, concerts ; fun\u00e9railles, remise de dipl\u00f4mes, cultes, messes, f\u00eates, r\u00e9unions, marche, courses, conduites et tous les autres.<\/p>\t\t\t\t\t\t<\/div>\n\t\t\t\t<\/div>\n\t\t\t\t\t<\/div>\n\t\t<\/div>\n\t\t\t\t\t\t\t<\/div>\n\t\t<\/section>\n\t\t\t\t<section class=\"elementor-section elementor-inner-section elementor-element elementor-element-5ea6780f elementor-reverse-mobile elementor-section-boxed elementor-section-height-default elementor-section-height-default\" data-id=\"5ea6780f\" data-element_type=\"section\">\n\t\t\t\t\t\t<div class=\"elementor-container elementor-column-gap-default\">\n\t\t\t\t\t<div class=\"elementor-column elementor-col-50 elementor-inner-column elementor-element elementor-element-6030e16e\" data-id=\"6030e16e\" data-element_type=\"column\" data-settings=\"{&quot;background_background&quot;:&quot;classic&quot;}\">\n\t\t\t<div class=\"elementor-widget-wrap elementor-element-populated\">\n\t\t\t\t\t\t\t\t<div class=\"elementor-element elementor-element-12c1fc32 elementor-widget elementor-widget-heading\" data-id=\"12c1fc32\" data-element_type=\"widget\" data-widget_type=\"heading.default\">\n\t\t\t\t<div class=\"elementor-widget-container\">\n\t\t\t<h3 class=\"elementor-heading-title elementor-size-default\">Notre mission <\/h3>\t\t<\/div>\n\t\t\t\t<\/div>\n\t\t\t\t<div class=\"elementor-element elementor-element-7a86ce85 elementor-widget elementor-widget-text-editor\" data-id=\"7a86ce85\" data-element_type=\"widget\" data-widget_type=\"text-editor.default\">\n\t\t\t\t<div class=\"elementor-widget-container\">\n\t\t\t\t\t\t\t<p>En mettant \u00e0 la disposition de chaque individu notre eau min\u00e9rale \u00e0 des co\u00fbts accessibles selon nos divers formats, nous aspirons \u00e0 contribuer au bien-\u00eatre et \u00e0 la sant\u00e9 de tous \u00e0 tout \u00e2ge ce qui contribuera \u00e0 accompagner notre pays dans ses efforts de d\u00e9veloppement durable. Notre engagement est d&rsquo;offrir \u00e0 nos consommateurs une eau min\u00e9rale naturelle, pure et facile \u00e0 boire du fait de sa l\u00e9g\u00e8ret\u00e9 afin de permettre \u00e0 chaque individu d\u2019atteindre chaque jour le cap de la consommation vitale d\u2019eau pour une meilleure sant\u00e9. SIN NUNU s\u2019adapte \u00e0 toutes circonstances de la vie afin de satisfaire toute personne sans distinction d\u2019\u00e2ge ou de statut dans son besoin vital de boire de l\u2019eau au quotidien.<\/p>\t\t\t\t\t\t<\/div>\n\t\t\t\t<\/div>\n\t\t\t\t\t<\/div>\n\t\t<\/div>\n\t\t\t\t<div class=\"elementor-column elementor-col-50 elementor-inner-column elementor-element elementor-element-32248eec\" data-id=\"32248eec\" data-element_type=\"column\">\n\t\t\t<div class=\"elementor-widget-wrap elementor-element-populated\">\n\t\t\t\t\t\t\t\t<div class=\"elementor-element elementor-element-69db053 elementor-widget elementor-widget-image\" data-id=\"69db053\" data-element_type=\"widget\" data-widget_type=\"image.default\">\n\t\t\t\t<div class=\"elementor-widget-container\">\n\t\t\t\t\t\t\t\t\t\t\t\t\t\t\t<img decoding=\"async\" width=\"1024\" height=\"732\" src=\"https:\/\/sinnunu.com\/web\/wp-content\/uploads\/2023\/12\/photo1-1024x732.jpg\" class=\"elementor-animation-hang attachment-large size-large wp-image-3163\" alt=\"\" srcset=\"https:\/\/sinnunu.com\/web\/wp-content\/uploads\/2023\/12\/photo1-1024x732.jpg 1024w, https:\/\/sinnunu.com\/web\/wp-content\/uploads\/2023\/12\/photo1-300x214.jpg 300w, https:\/\/sinnunu.com\/web\/wp-content\/uploads\/2023\/12\/photo1-768x549.jpg 768w, https:\/\/sinnunu.com\/web\/wp-content\/uploads\/2023\/12\/photo1-1536x1097.jpg 1536w, https:\/\/sinnunu.com\/web\/wp-content\/uploads\/2023\/12\/photo1-2048x1463.jpg 2048w, https:\/\/sinnunu.com\/web\/wp-content\/uploads\/2023\/12\/photo1-600x429.jpg 600w\" sizes=\"(max-width: 1024px) 100vw, 1024px\" \/>\t\t\t\t\t\t\t\t\t\t\t\t\t\t\t<\/div>\n\t\t\t\t<\/div>\n\t\t\t\t\t<\/div>\n\t\t<\/div>\n\t\t\t\t\t\t\t<\/div>\n\t\t<\/section>\n\t\t\t\t\t<\/div>\n\t\t<\/div>\n\t\t\t\t\t\t\t<\/div>\n\t\t<\/section>\n\t\t\t\t<section class=\"elementor-section elementor-top-section elementor-element elementor-element-c89d4c0 elementor-section-height-min-height elementor-section-boxed elementor-section-height-default elementor-section-items-middle\" data-id=\"c89d4c0\" data-element_type=\"section\" data-settings=\"{&quot;background_background&quot;:&quot;classic&quot;}\">\n\t\t\t\t\t\t\t<div class=\"elementor-background-overlay\"><\/div>\n\t\t\t\t\t\t\t<div class=\"elementor-container elementor-column-gap-default\">\n\t\t\t\t\t<div class=\"elementor-column elementor-col-100 elementor-top-column elementor-element elementor-element-0717196\" data-id=\"0717196\" data-element_type=\"column\">\n\t\t\t<div class=\"elementor-widget-wrap elementor-element-populated\">\n\t\t\t\t\t\t\t\t<section class=\"elementor-section elementor-inner-section elementor-element elementor-element-4890864 elementor-section-boxed elementor-section-height-default elementor-section-height-default\" data-id=\"4890864\" data-element_type=\"section\">\n\t\t\t\t\t\t<div class=\"elementor-container elementor-column-gap-default\">\n\t\t\t\t\t<div class=\"elementor-column elementor-col-50 elementor-inner-column elementor-element elementor-element-1c35369\" data-id=\"1c35369\" data-element_type=\"column\">\n\t\t\t<div class=\"elementor-widget-wrap elementor-element-populated\">\n\t\t\t\t\t\t\t\t<div class=\"elementor-element elementor-element-b110a03 elementor-widget elementor-widget-image\" data-id=\"b110a03\" data-element_type=\"widget\" data-widget_type=\"image.default\">\n\t\t\t\t<div class=\"elementor-widget-container\">\n\t\t\t\t\t\t\t\t\t\t\t\t\t\t\t<img loading=\"lazy\" decoding=\"async\" width=\"1024\" height=\"731\" src=\"https:\/\/sinnunu.com\/web\/wp-content\/uploads\/2023\/12\/photo3-1024x731.png\" class=\"elementor-animation-hang attachment-large size-large wp-image-2973\" alt=\"\" srcset=\"https:\/\/sinnunu.com\/web\/wp-content\/uploads\/2023\/12\/photo3-1024x731.png 1024w, https:\/\/sinnunu.com\/web\/wp-content\/uploads\/2023\/12\/photo3-300x214.png 300w, https:\/\/sinnunu.com\/web\/wp-content\/uploads\/2023\/12\/photo3-768x549.png 768w, https:\/\/sinnunu.com\/web\/wp-content\/uploads\/2023\/12\/photo3-1536x1097.png 1536w, https:\/\/sinnunu.com\/web\/wp-content\/uploads\/2023\/12\/photo3-2048x1463.png 2048w, https:\/\/sinnunu.com\/web\/wp-content\/uploads\/2023\/12\/photo3-600x429.png 600w\" sizes=\"(max-width: 1024px) 100vw, 1024px\" \/>\t\t\t\t\t\t\t\t\t\t\t\t\t\t\t<\/div>\n\t\t\t\t<\/div>\n\t\t\t\t<div class=\"elementor-element elementor-element-1602a0e elementor-widget elementor-widget-image\" data-id=\"1602a0e\" data-element_type=\"widget\" data-widget_type=\"image.default\">\n\t\t\t\t<div class=\"elementor-widget-container\">\n\t\t\t\t\t\t\t\t\t\t\t\t\t\t\t<img loading=\"lazy\" decoding=\"async\" width=\"683\" height=\"1024\" src=\"https:\/\/sinnunu.com\/web\/wp-content\/uploads\/2024\/02\/IMG_3713-683x1024.jpg\" class=\"attachment-large size-large wp-image-3756\" alt=\"\" srcset=\"https:\/\/sinnunu.com\/web\/wp-content\/uploads\/2024\/02\/IMG_3713-683x1024.jpg 683w, https:\/\/sinnunu.com\/web\/wp-content\/uploads\/2024\/02\/IMG_3713-200x300.jpg 200w, https:\/\/sinnunu.com\/web\/wp-content\/uploads\/2024\/02\/IMG_3713-768x1152.jpg 768w, https:\/\/sinnunu.com\/web\/wp-content\/uploads\/2024\/02\/IMG_3713-1024x1536.jpg 1024w, https:\/\/sinnunu.com\/web\/wp-content\/uploads\/2024\/02\/IMG_3713-1365x2048.jpg 1365w, https:\/\/sinnunu.com\/web\/wp-content\/uploads\/2024\/02\/IMG_3713-600x900.jpg 600w, https:\/\/sinnunu.com\/web\/wp-content\/uploads\/2024\/02\/IMG_3713-scaled.jpg 1707w\" sizes=\"(max-width: 683px) 100vw, 683px\" \/>\t\t\t\t\t\t\t\t\t\t\t\t\t\t\t<\/div>\n\t\t\t\t<\/div>\n\t\t\t\t\t<\/div>\n\t\t<\/div>\n\t\t\t\t<div class=\"elementor-column elementor-col-50 elementor-inner-column elementor-element elementor-element-e4ae1f3\" data-id=\"e4ae1f3\" data-element_type=\"column\" data-settings=\"{&quot;background_background&quot;:&quot;classic&quot;}\">\n\t\t\t<div class=\"elementor-widget-wrap elementor-element-populated\">\n\t\t\t\t\t\t\t\t<div class=\"elementor-element elementor-element-22178f1 elementor-widget elementor-widget-heading\" data-id=\"22178f1\" data-element_type=\"widget\" data-widget_type=\"heading.default\">\n\t\t\t\t<div class=\"elementor-widget-container\">\n\t\t\t<h3 class=\"elementor-heading-title elementor-size-default\">Nos Valeurs<\/h3>\t\t<\/div>\n\t\t\t\t<\/div>\n\t\t\t\t<div class=\"elementor-element elementor-element-2391fe8 elementor-widget elementor-widget-heading\" data-id=\"2391fe8\" data-element_type=\"widget\" data-widget_type=\"heading.default\">\n\t\t\t\t<div class=\"elementor-widget-container\">\n\t\t\t<h6 class=\"elementor-heading-title elementor-size-default\"> La Qualit\u00e9<\/h6>\t\t<\/div>\n\t\t\t\t<\/div>\n\t\t\t\t<div class=\"elementor-element elementor-element-dcf9370 elementor-widget elementor-widget-text-editor\" data-id=\"dcf9370\" data-element_type=\"widget\" data-widget_type=\"text-editor.default\">\n\t\t\t\t<div class=\"elementor-widget-container\">\n\t\t\t\t\t\t\t<p>Nous pla\u00e7ons la qualit\u00e9 de notre eau min\u00e9rale au c\u0153ur de toutes nos actions. Nous visons l&rsquo;excellence \u00e0 chaque \u00e9tape, de la source \u00e0 la bouteille, pour garantir une eau d&rsquo;une puret\u00e9 et d\u2019un naturel totalement adapt\u00e9 aux besoins vitaux humains.<\/p>\t\t\t\t\t\t<\/div>\n\t\t\t\t<\/div>\n\t\t\t\t<div class=\"elementor-element elementor-element-2b6c767 elementor-widget elementor-widget-heading\" data-id=\"2b6c767\" data-element_type=\"widget\" data-widget_type=\"heading.default\">\n\t\t\t\t<div class=\"elementor-widget-container\">\n\t\t\t<h6 class=\"elementor-heading-title elementor-size-default\">La Fid\u00e9lit\u00e9 \u00e0 nos engagements<\/h6>\t\t<\/div>\n\t\t\t\t<\/div>\n\t\t\t\t<div class=\"elementor-element elementor-element-132f102 elementor-widget elementor-widget-text-editor\" data-id=\"132f102\" data-element_type=\"widget\" data-widget_type=\"text-editor.default\">\n\t\t\t\t<div class=\"elementor-widget-container\">\n\t\t\t\t\t\t\t<p>Nous sommes fiers de puiser notre eau ici-m\u00eame au B\u00e9nin, de collaborer avec des travailleurs locaux et de fournir un service de qualit\u00e9 qui sert \u00e0 mettre en \u00e9vidence l\u2019excellence et la comp\u00e9tence des b\u00e9ninois.<\/p>\t\t\t\t\t\t<\/div>\n\t\t\t\t<\/div>\n\t\t\t\t<div class=\"elementor-element elementor-element-8e77c72 elementor-widget elementor-widget-heading\" data-id=\"8e77c72\" data-element_type=\"widget\" data-widget_type=\"heading.default\">\n\t\t\t\t<div class=\"elementor-widget-container\">\n\t\t\t<h6 class=\"elementor-heading-title elementor-size-default\">La Valorisation du local<\/h6>\t\t<\/div>\n\t\t\t\t<\/div>\n\t\t\t\t<div class=\"elementor-element elementor-element-f1da93e elementor-widget elementor-widget-text-editor\" data-id=\"f1da93e\" data-element_type=\"widget\" data-widget_type=\"text-editor.default\">\n\t\t\t\t<div class=\"elementor-widget-container\">\n\t\t\t\t\t\t\t<p>Nous respectons notre engagement de fournir SIN NUNU \u00e0 un prix aussi juste que possible pour parvenir \u00e0 p\u00e9renniser l\u2019excellence de nos offres aux consommateurs et l\u2019\u00e9panouissement de nos collaborateurs et de leurs familles afin d\u2019accompagner le B\u00e9nin dans ses actions de d\u00e9veloppement.<\/p>\t\t\t\t\t\t<\/div>\n\t\t\t\t<\/div>\n\t\t\t\t\t<\/div>\n\t\t<\/div>\n\t\t\t\t\t\t\t<\/div>\n\t\t<\/section>\n\t\t\t\t\t<\/div>\n\t\t<\/div>\n\t\t\t\t\t\t\t<\/div>\n\t\t<\/section>\n\t\t<div class=\"elementor-element elementor-element-e57b969 e-flex e-con-boxed e-con e-parent\" data-id=\"e57b969\" data-element_type=\"container\" data-settings=\"{&quot;content_width&quot;:&quot;boxed&quot;}\" data-core-v316-plus=\"true\">\n\t\t\t\t\t<div class=\"e-con-inner\">\n\t\t\t\t\t<\/div>\n\t\t\t\t<\/div>\n\t\t\t\t\t\t\t<\/div>\n\t\t\n    <div class=\"xs_social_share_widget xs_share_url after_content \t\tmain_content  wslu-style-1 wslu-share-box-shaped wslu-fill-colored wslu-none wslu-share-horizontal wslu-theme-font-no wslu-main_content\">\n\n\t\t\n        <ul>\n\t\t\t        <\/ul>\n    <\/div> \n","protected":false},"excerpt":{"rendered":"<p>Notre Gen\u00e8se Parti du constat que l\u2019acc\u00e8s \u00e0 l\u2019eau de qualit\u00e9 et certifi\u00e9e conforme par les autorit\u00e9s sanitaires \u00e9tait difficile pour une grande majorit\u00e9 des personnes habitant au B\u00e9nin, le projet de SIN NUNU est n\u00e9 pour permettre au b\u00e9ninois de favoriser une vie en bonne sant\u00e9 en respectant le<\/p>\n","protected":false},"author":1,"featured_media":0,"parent":0,"menu_order":0,"comment_status":"closed","ping_status":"closed","template":"","meta":{"inline_featured_image":false,"_joinchat":[],"footnotes":""},"class_list":["post-2379","page","type-page","status-publish","hentry"],"_links":{"self":[{"href":"https:\/\/sinnunu.com\/web\/wp-json\/wp\/v2\/pages\/2379","targetHints":{"allow":["GET"]}}],"collection":[{"href":"https:\/\/sinnunu.com\/web\/wp-json\/wp\/v2\/pages"}],"about":[{"href":"https:\/\/sinnunu.com\/web\/wp-json\/wp\/v2\/types\/page"}],"author":[{"embeddable":true,"href":"https:\/\/sinnunu.com\/web\/wp-json\/wp\/v2\/users\/1"}],"replies":[{"embeddable":true,"href":"https:\/\/sinnunu.com\/web\/wp-json\/wp\/v2\/comments?post=2379"}],"version-history":[{"count":65,"href":"https:\/\/sinnunu.com\/web\/wp-json\/wp\/v2\/pages\/2379\/revisions"}],"predecessor-version":[{"id":3761,"href":"https:\/\/sinnunu.com\/web\/wp-json\/wp\/v2\/pages\/2379\/revisions\/3761"}],"wp:attachment":[{"href":"https:\/\/sinnunu.com\/web\/wp-json\/wp\/v2\/media?parent=2379"}],"curies":[{"name":"wp","href":"https:\/\/api.w.org\/{rel}","templated":true}]}}