{"id":2411,"date":"2022-07-11T12:39:14","date_gmt":"2022-07-11T12:39:14","guid":{"rendered":"http:\/\/tplabs.co\/agrios\/?page_id=2411"},"modified":"2024-01-09T16:25:43","modified_gmt":"2024-01-09T15:25:43","slug":"nos-produits","status":"publish","type":"page","link":"https:\/\/sinnunu.com\/web\/nos-produits\/","title":{"rendered":"Nos Produits"},"content":{"rendered":"\t\t<div data-elementor-type=\"wp-page\" data-elementor-id=\"2411\" class=\"elementor elementor-2411\" data-elementor-post-type=\"page\">\n\t\t\t\t\t\t\t\t\t<section class=\"elementor-section elementor-top-section elementor-element elementor-element-6677ed3 elementor-section-boxed elementor-section-height-default elementor-section-height-default\" data-id=\"6677ed3\" data-element_type=\"section\">\n\t\t\t\t\t\t<div class=\"elementor-container elementor-column-gap-no\">\n\t\t\t\t\t<div class=\"elementor-column elementor-col-100 elementor-top-column elementor-element elementor-element-a7d59aa\" data-id=\"a7d59aa\" data-element_type=\"column\">\n\t\t\t<div class=\"elementor-widget-wrap elementor-element-populated\">\n\t\t\t\t\t\t\t\t<div class=\"elementor-element elementor-element-ac5eada elementor-widget elementor-widget-spacer\" data-id=\"ac5eada\" data-element_type=\"widget\" data-widget_type=\"spacer.default\">\n\t\t\t\t<div class=\"elementor-widget-container\">\n\t\t\t<style>\/*! elementor - v3.18.0 - 20-12-2023 *\/\n.elementor-column .elementor-spacer-inner{height:var(--spacer-size)}.e-con{--container-widget-width:100%}.e-con-inner>.elementor-widget-spacer,.e-con>.elementor-widget-spacer{width:var(--container-widget-width,var(--spacer-size));--align-self:var(--container-widget-align-self,initial);--flex-shrink:0}.e-con-inner>.elementor-widget-spacer>.elementor-widget-container,.e-con>.elementor-widget-spacer>.elementor-widget-container{height:100%;width:100%}.e-con-inner>.elementor-widget-spacer>.elementor-widget-container>.elementor-spacer,.e-con>.elementor-widget-spacer>.elementor-widget-container>.elementor-spacer{height:100%}.e-con-inner>.elementor-widget-spacer>.elementor-widget-container>.elementor-spacer>.elementor-spacer-inner,.e-con>.elementor-widget-spacer>.elementor-widget-container>.elementor-spacer>.elementor-spacer-inner{height:var(--container-widget-height,var(--spacer-size))}.e-con-inner>.elementor-widget-spacer.elementor-widget-empty,.e-con>.elementor-widget-spacer.elementor-widget-empty{position:relative;min-height:22px;min-width:22px}.e-con-inner>.elementor-widget-spacer.elementor-widget-empty .elementor-widget-empty-icon,.e-con>.elementor-widget-spacer.elementor-widget-empty .elementor-widget-empty-icon{position:absolute;top:0;bottom:0;left:0;right:0;margin:auto;padding:0;width:22px;height:22px}<\/style>\t\t<div class=\"elementor-spacer\">\n\t\t\t<div class=\"elementor-spacer-inner\"><\/div>\n\t\t<\/div>\n\t\t\t\t<\/div>\n\t\t\t\t<\/div>\n\t\t<div class=\"elementor-element elementor-element-443180b e-flex e-con-boxed e-con e-parent\" data-id=\"443180b\" data-element_type=\"container\" data-settings=\"{&quot;content_width&quot;:&quot;boxed&quot;}\" data-core-v316-plus=\"true\">\n\t\t\t\t\t<div class=\"e-con-inner\">\n\t\t\t\t<div class=\"elementor-element elementor-element-8be3d63 elementor-widget elementor-widget-heading\" data-id=\"8be3d63\" data-element_type=\"widget\" data-widget_type=\"heading.default\">\n\t\t\t\t<div class=\"elementor-widget-container\">\n\t\t\t<style>\/*! elementor - v3.18.0 - 20-12-2023 *\/\n.elementor-heading-title{padding:0;margin:0;line-height:1}.elementor-widget-heading .elementor-heading-title[class*=elementor-size-]>a{color:inherit;font-size:inherit;line-height:inherit}.elementor-widget-heading .elementor-heading-title.elementor-size-small{font-size:15px}.elementor-widget-heading .elementor-heading-title.elementor-size-medium{font-size:19px}.elementor-widget-heading .elementor-heading-title.elementor-size-large{font-size:29px}.elementor-widget-heading .elementor-heading-title.elementor-size-xl{font-size:39px}.elementor-widget-heading .elementor-heading-title.elementor-size-xxl{font-size:59px}<\/style><h3 class=\"elementor-heading-title elementor-size-default\">Nos Produits<\/h3>\t\t<\/div>\n\t\t\t\t<\/div>\n\t\t\t\t<div class=\"elementor-element elementor-element-5bf4312 elementor-widget elementor-widget-text-editor\" data-id=\"5bf4312\" data-element_type=\"widget\" data-widget_type=\"text-editor.default\">\n\t\t\t\t<div class=\"elementor-widget-container\">\n\t\t\t<style>\/*! elementor - v3.18.0 - 20-12-2023 *\/\n.elementor-widget-text-editor.elementor-drop-cap-view-stacked .elementor-drop-cap{background-color:#69727d;color:#fff}.elementor-widget-text-editor.elementor-drop-cap-view-framed .elementor-drop-cap{color:#69727d;border:3px solid;background-color:transparent}.elementor-widget-text-editor:not(.elementor-drop-cap-view-default) .elementor-drop-cap{margin-top:8px}.elementor-widget-text-editor:not(.elementor-drop-cap-view-default) .elementor-drop-cap-letter{width:1em;height:1em}.elementor-widget-text-editor .elementor-drop-cap{float:left;text-align:center;line-height:1;font-size:50px}.elementor-widget-text-editor .elementor-drop-cap-letter{display:inline-block}<\/style>\t\t\t\t<p>SIN NUNU, l&rsquo;eau de qualit\u00e9 pour tous et pour toutes les occasions.\u00a0 Gr\u00e2ce \u00e0 un pH parfaitement \u00e9quilibr\u00e9 de 7, l&rsquo;eau min\u00e9rale SIN NUNU offre une neutralit\u00e9 optimale adapt\u00e9e aux besoins du corps humain, tout en pr\u00e9servant un subtil \u00e9quilibre entre les diff\u00e9rents oligo-\u00e9l\u00e9ments qui la compose.\u00a0 Avec sa composition, SIN NUNU est le choix de la mod\u00e9ration min\u00e9rale, celle qui convient au plus grand nombre, avec parfaitement ce qu&rsquo;il faut de min\u00e9raux assimilables par l&rsquo;organisme. L\u00e9g\u00e8re, pure et riche de tout ce qu&rsquo;il est bon d&rsquo;absorber SIN NUNU est une invitation au bien-\u00eatre et \u00e0 la sant\u00e9 au quotidien\u00a0!<\/p>\t\t\t\t\t\t<\/div>\n\t\t\t\t<\/div>\n\t\t\t\t\t<\/div>\n\t\t\t\t<\/div>\n\t\t\t\t<section class=\"elementor-section elementor-inner-section elementor-element elementor-element-5f26293 elementor-section-boxed elementor-section-height-default elementor-section-height-default\" data-id=\"5f26293\" data-element_type=\"section\">\n\t\t\t\t\t\t<div class=\"elementor-container elementor-column-gap-default\">\n\t\t\t\t\t<div class=\"elementor-column elementor-col-33 elementor-inner-column elementor-element elementor-element-96d4dcd\" data-id=\"96d4dcd\" data-element_type=\"column\">\n\t\t\t<div class=\"elementor-widget-wrap elementor-element-populated\">\n\t\t\t\t\t\t\t\t<div class=\"elementor-element elementor-element-91cfe8b align-center custom-image-box-1 image-box-style-1 elementor-widget elementor-widget-mae-image-box\" data-id=\"91cfe8b\" data-element_type=\"widget\" data-widget_type=\"mae-image-box.default\">\n\t\t\t\t<div class=\"elementor-widget-container\">\n\t\t\t                <div class=\"master-wrap\">\n                                <div class=\"master-decor html elementor-repeater-item-04c3623 \">\n                        <a class=\"master-button btn-accent icon-none medium btn-hover-2\" href=\"https:\/\/sinnunu.com\/web\/service\/bouteille-de-1-5cl\/\">\n\t<span class=\"inner\">\n\t\t<span class=\"content-base\"><span class=\"text\">Lire Plus<\/span><\/span>\n\t\t<span class=\"content-hover\"><span class=\"text\">Discover More<\/span><\/span>\n    <\/span>\n\t<span class=\"bg-hover\"><\/span>\n<\/a>                    <\/div>\n                        <div class=\"master-image-box \">\n                            <div class=\"thumb\"><div class=\"inner\"><img fetchpriority=\"high\" decoding=\"async\" width=\"2439\" height=\"2560\" src=\"https:\/\/sinnunu.com\/web\/wp-content\/uploads\/2023\/12\/photo12-scaled.jpg\" class=\"attachment-full size-full\" alt=\"\" srcset=\"https:\/\/sinnunu.com\/web\/wp-content\/uploads\/2023\/12\/photo12-scaled.jpg 2439w, https:\/\/sinnunu.com\/web\/wp-content\/uploads\/2023\/12\/photo12-286x300.jpg 286w, https:\/\/sinnunu.com\/web\/wp-content\/uploads\/2023\/12\/photo12-975x1024.jpg 975w, https:\/\/sinnunu.com\/web\/wp-content\/uploads\/2023\/12\/photo12-768x806.jpg 768w, https:\/\/sinnunu.com\/web\/wp-content\/uploads\/2023\/12\/photo12-1463x1536.jpg 1463w, https:\/\/sinnunu.com\/web\/wp-content\/uploads\/2023\/12\/photo12-1951x2048.jpg 1951w, https:\/\/sinnunu.com\/web\/wp-content\/uploads\/2023\/12\/photo12-600x630.jpg 600w\" sizes=\"(max-width: 2439px) 100vw, 2439px\" \/><\/div><\/div>\n                <div class=\"content-wrap\">\n                    <h3 class=\"headline-2\">Bouteille de <br> 1.5l<\/h3>                <\/div>\n                    <\/div>\n        <\/div>\t\t<\/div>\n\t\t\t\t<\/div>\n\t\t\t\t\t<\/div>\n\t\t<\/div>\n\t\t\t\t<div class=\"elementor-column elementor-col-33 elementor-inner-column elementor-element elementor-element-0f96448\" data-id=\"0f96448\" data-element_type=\"column\">\n\t\t\t<div class=\"elementor-widget-wrap elementor-element-populated\">\n\t\t\t\t\t\t\t\t<div class=\"elementor-element elementor-element-b102c8e align-center custom-image-box-1 image-box-style-1 elementor-widget elementor-widget-mae-image-box\" data-id=\"b102c8e\" data-element_type=\"widget\" data-widget_type=\"mae-image-box.default\">\n\t\t\t\t<div class=\"elementor-widget-container\">\n\t\t\t                <div class=\"master-wrap\">\n                                <div class=\"master-decor html elementor-repeater-item-04c3623 \">\n                        <a class=\"master-button btn-accent icon-none medium btn-hover-2\" href=\"https:\/\/sinnunu.com\/web\/service\/bouteille-de-50cl\/\">\n\t<span class=\"inner\">\n\t\t<span class=\"content-base\"><span class=\"text\">Lire Plus<\/span><\/span>\n\t\t<span class=\"content-hover\"><span class=\"text\">Discover More<\/span><\/span>\n    <\/span>\n\t<span class=\"bg-hover\"><\/span>\n<\/a>                    <\/div>\n                        <div class=\"master-image-box \">\n                            <div class=\"thumb\"><div class=\"inner\"><img decoding=\"async\" width=\"2352\" height=\"2560\" src=\"https:\/\/sinnunu.com\/web\/wp-content\/uploads\/2023\/12\/Nouveau-projet-1.png\" class=\"attachment-full size-full\" alt=\"\" srcset=\"https:\/\/sinnunu.com\/web\/wp-content\/uploads\/2023\/12\/Nouveau-projet-1.png 2352w, https:\/\/sinnunu.com\/web\/wp-content\/uploads\/2023\/12\/Nouveau-projet-1-276x300.png 276w, https:\/\/sinnunu.com\/web\/wp-content\/uploads\/2023\/12\/Nouveau-projet-1-941x1024.png 941w, https:\/\/sinnunu.com\/web\/wp-content\/uploads\/2023\/12\/Nouveau-projet-1-768x836.png 768w, https:\/\/sinnunu.com\/web\/wp-content\/uploads\/2023\/12\/Nouveau-projet-1-1411x1536.png 1411w, https:\/\/sinnunu.com\/web\/wp-content\/uploads\/2023\/12\/Nouveau-projet-1-1882x2048.png 1882w, https:\/\/sinnunu.com\/web\/wp-content\/uploads\/2023\/12\/Nouveau-projet-1-600x653.png 600w\" sizes=\"(max-width: 2352px) 100vw, 2352px\" \/><\/div><\/div>\n                <div class=\"content-wrap\">\n                    <h3 class=\"headline-2\">Bouteille de <br> 50cl<\/h3>                <\/div>\n                    <\/div>\n        <\/div>\t\t<\/div>\n\t\t\t\t<\/div>\n\t\t\t\t\t<\/div>\n\t\t<\/div>\n\t\t\t\t<div class=\"elementor-column elementor-col-33 elementor-inner-column elementor-element elementor-element-3cb2950\" data-id=\"3cb2950\" data-element_type=\"column\">\n\t\t\t<div class=\"elementor-widget-wrap elementor-element-populated\">\n\t\t\t\t\t\t\t\t<div class=\"elementor-element elementor-element-85c2c61 align-center custom-image-box-1 image-box-style-1 elementor-widget elementor-widget-mae-image-box\" data-id=\"85c2c61\" data-element_type=\"widget\" data-widget_type=\"mae-image-box.default\">\n\t\t\t\t<div class=\"elementor-widget-container\">\n\t\t\t                <div class=\"master-wrap\">\n                                <div class=\"master-decor html elementor-repeater-item-04c3623 \">\n                        <a class=\"master-button btn-accent icon-none medium btn-hover-2\" href=\"https:\/\/sinnunu.com\/web\/service\/bouteille-de-33cl\/\">\n\t<span class=\"inner\">\n\t\t<span class=\"content-base\"><span class=\"text\">Lire Plus<\/span><\/span>\n\t\t<span class=\"content-hover\"><span class=\"text\">Discover More<\/span><\/span>\n    <\/span>\n\t<span class=\"bg-hover\"><\/span>\n<\/a>                    <\/div>\n                        <div class=\"master-image-box \">\n                            <div class=\"thumb\"><div class=\"inner\"><img decoding=\"async\" width=\"2352\" height=\"2560\" src=\"https:\/\/sinnunu.com\/web\/wp-content\/uploads\/2023\/12\/photo13-scaled.jpg\" class=\"attachment-full size-full\" alt=\"\" srcset=\"https:\/\/sinnunu.com\/web\/wp-content\/uploads\/2023\/12\/photo13-scaled.jpg 2352w, https:\/\/sinnunu.com\/web\/wp-content\/uploads\/2023\/12\/photo13-276x300.jpg 276w, https:\/\/sinnunu.com\/web\/wp-content\/uploads\/2023\/12\/photo13-941x1024.jpg 941w, https:\/\/sinnunu.com\/web\/wp-content\/uploads\/2023\/12\/photo13-768x836.jpg 768w, https:\/\/sinnunu.com\/web\/wp-content\/uploads\/2023\/12\/photo13-1411x1536.jpg 1411w, https:\/\/sinnunu.com\/web\/wp-content\/uploads\/2023\/12\/photo13-1881x2048.jpg 1881w, https:\/\/sinnunu.com\/web\/wp-content\/uploads\/2023\/12\/photo13-600x653.jpg 600w\" sizes=\"(max-width: 2352px) 100vw, 2352px\" \/><\/div><\/div>\n                <div class=\"content-wrap\">\n                    <h3 class=\"headline-2\">Bouteille de <br> 33cl<\/h3>                <\/div>\n                    <\/div>\n        <\/div>\t\t<\/div>\n\t\t\t\t<\/div>\n\t\t\t\t\t<\/div>\n\t\t<\/div>\n\t\t\t\t\t\t\t<\/div>\n\t\t<\/section>\n\t\t\t\t<div class=\"elementor-element elementor-element-36bcaf1 elementor-widget elementor-widget-spacer\" data-id=\"36bcaf1\" data-element_type=\"widget\" data-widget_type=\"spacer.default\">\n\t\t\t\t<div class=\"elementor-widget-container\">\n\t\t\t\t\t<div class=\"elementor-spacer\">\n\t\t\t<div class=\"elementor-spacer-inner\"><\/div>\n\t\t<\/div>\n\t\t\t\t<\/div>\n\t\t\t\t<\/div>\n\t\t\t\t\t<\/div>\n\t\t<\/div>\n\t\t\t\t\t\t\t<\/div>\n\t\t<\/section>\n\t\t\t\t<section class=\"elementor-section elementor-top-section elementor-element elementor-element-a3b31cc elementor-section-full_width elementor-section-stretched elementor-section-height-default elementor-section-height-default\" data-id=\"a3b31cc\" data-element_type=\"section\" data-settings=\"{&quot;stretch_section&quot;:&quot;section-stretched&quot;,&quot;background_background&quot;:&quot;classic&quot;}\">\n\t\t\t\t\t\t<div class=\"elementor-container elementor-column-gap-no\">\n\t\t\t\t\t<div class=\"elementor-column elementor-col-100 elementor-top-column elementor-element elementor-element-25f94a8\" data-id=\"25f94a8\" data-element_type=\"column\">\n\t\t\t<div class=\"elementor-widget-wrap elementor-element-populated\">\n\t\t\t\t\t\t\t\t<div class=\"elementor-element elementor-element-97fe4e2 elementor-widget elementor-widget-spacer\" data-id=\"97fe4e2\" data-element_type=\"widget\" data-widget_type=\"spacer.default\">\n\t\t\t\t<div class=\"elementor-widget-container\">\n\t\t\t\t\t<div class=\"elementor-spacer\">\n\t\t\t<div class=\"elementor-spacer-inner\"><\/div>\n\t\t<\/div>\n\t\t\t\t<\/div>\n\t\t\t\t<\/div>\n\t\t\t\t<section class=\"elementor-section elementor-inner-section elementor-element elementor-element-c591fae elementor-section-content-middle elementor-section-boxed elementor-section-height-default elementor-section-height-default\" data-id=\"c591fae\" data-element_type=\"section\">\n\t\t\t\t\t\t<div class=\"elementor-container elementor-column-gap-default\">\n\t\t\t\t\t<div class=\"elementor-column elementor-col-50 elementor-inner-column elementor-element elementor-element-57712c0\" data-id=\"57712c0\" data-element_type=\"column\">\n\t\t\t<div class=\"elementor-widget-wrap elementor-element-populated\">\n\t\t\t\t\t\t\t\t<div class=\"elementor-element elementor-element-d6270c8 heading-default elementor-widget elementor-widget-mae-headings\" data-id=\"d6270c8\" data-element_type=\"widget\" data-widget_type=\"mae-headings.default\">\n\t\t\t\t<div class=\"elementor-widget-container\">\n\t\t\t\t\t<div class=\"master-heading sep-none\">\n\t\t\t\t        \t        \t<div class=\"pre-heading\"><span class=\"line\"><span class=\"inner\"><\/span><\/span>SIN NUNU :<\/div>\n\t        \n\t        \n\t        \t        <h2 class=\"main-heading\">La nature en Bouteille<\/h2>\n\t        \n\t        \n\t        \t    <\/div>\n\t    \t\t<\/div>\n\t\t\t\t<\/div>\n\t\t\t\t\t<\/div>\n\t\t<\/div>\n\t\t\t\t<div class=\"elementor-column elementor-col-50 elementor-inner-column elementor-element elementor-element-82d5240\" data-id=\"82d5240\" data-element_type=\"column\">\n\t\t\t<div class=\"elementor-widget-wrap elementor-element-populated\">\n\t\t\t\t\t\t\t\t<div class=\"elementor-element elementor-element-112dc48 align-right align--mobileleft align--tabletleft elementor-widget elementor-widget-mae-button\" data-id=\"112dc48\" data-element_type=\"widget\" data-widget_type=\"mae-button.default\">\n\t\t\t\t<div class=\"elementor-widget-container\">\n\t\t\t\n        \n        <a class=\"master-button btn-accent icon-none medium btn-hover-2\" href=\"https:\/\/sinnunu.com\/web\/contactez-nous\/\" \n            >\n\n            <span class=\"inner\">\n                <span class=\"content-base\">\n                                        <span class=\"text\">Contactez-nous<\/span>\n                                    <\/span>\n\n                <span class=\"content-hover\">\n                                        <span class=\"text\">Contactez-nous<\/span>\n                                    <\/span>\n            <\/span>\n\n            <span class=\"bg-hover\"><\/span>        <\/a>\n\n        \t\t<\/div>\n\t\t\t\t<\/div>\n\t\t\t\t\t<\/div>\n\t\t<\/div>\n\t\t\t\t\t\t\t<\/div>\n\t\t<\/section>\n\t\t\t\t<div class=\"elementor-element elementor-element-d68e4e8 elementor-widget elementor-widget-spacer\" data-id=\"d68e4e8\" data-element_type=\"widget\" data-widget_type=\"spacer.default\">\n\t\t\t\t<div class=\"elementor-widget-container\">\n\t\t\t\t\t<div class=\"elementor-spacer\">\n\t\t\t<div class=\"elementor-spacer-inner\"><\/div>\n\t\t<\/div>\n\t\t\t\t<\/div>\n\t\t\t\t<\/div>\n\t\t\t\t<div class=\"elementor-element elementor-element-ac4f78d align-right elementor-widget__width-auto elementor-absolute image-width-full elementor-widget elementor-widget-mae-gallery-stack\" data-id=\"ac4f78d\" data-element_type=\"widget\" data-settings=\"{&quot;_position&quot;:&quot;absolute&quot;}\" data-widget_type=\"mae-gallery-stack.default\">\n\t\t\t\t<div class=\"elementor-widget-container\">\n\t\t\t\t\t<div class=\"master-gallery-stack\">\n\t\t\t<div class=\"master-fancy-image elementor-repeater-item-0174980\" data-top=\"0px\" data-parallax='{\"x\" : -50, \"y\" : 0, \"smoothness\" : 30}' data-calcHeight=\"no\">\n\t\t\t\t\t\t\t\t\t<div class=\"image-wrap\"><\/div>\n\t\t\t\t\t\t\t\t<\/div>\t\t<\/div>\n\t    \t\t<\/div>\n\t\t\t\t<\/div>\n\t\t\t\t\t<\/div>\n\t\t<\/div>\n\t\t\t\t\t\t\t<\/div>\n\t\t<\/section>\n\t\t<div class=\"elementor-element elementor-element-f5e9bc4 e-flex e-con-boxed e-con e-parent\" data-id=\"f5e9bc4\" data-element_type=\"container\" data-settings=\"{&quot;content_width&quot;:&quot;boxed&quot;}\" data-core-v316-plus=\"true\">\n\t\t\t\t\t<div class=\"e-con-inner\">\n\t\t\t\t<div class=\"elementor-element elementor-element-465c5c9 elementor-widget elementor-widget-spacer\" data-id=\"465c5c9\" data-element_type=\"widget\" data-widget_type=\"spacer.default\">\n\t\t\t\t<div class=\"elementor-widget-container\">\n\t\t\t\t\t<div class=\"elementor-spacer\">\n\t\t\t<div class=\"elementor-spacer-inner\"><\/div>\n\t\t<\/div>\n\t\t\t\t<\/div>\n\t\t\t\t<\/div>\n\t\t\t\t\t<\/div>\n\t\t\t\t<\/div>\n\t\t<div class=\"elementor-element elementor-element-eb0100d e-flex e-con-boxed e-con e-parent\" data-id=\"eb0100d\" data-element_type=\"container\" data-settings=\"{&quot;content_width&quot;:&quot;boxed&quot;}\" data-core-v316-plus=\"true\">\n\t\t\t\t\t<div class=\"e-con-inner\">\n\t\t\t\t\t<\/div>\n\t\t\t\t<\/div>\n\t\t\t\t\t\t\t<\/div>\n\t\t\n    <div class=\"xs_social_share_widget xs_share_url after_content \t\tmain_content  wslu-style-1 wslu-share-box-shaped wslu-fill-colored wslu-none wslu-share-horizontal wslu-theme-font-no wslu-main_content\">\n\n\t\t\n        <ul>\n\t\t\t        <\/ul>\n    <\/div> \n","protected":false},"excerpt":{"rendered":"<p>Nos Produits SIN NUNU, l&rsquo;eau de qualit\u00e9 pour tous et pour toutes les occasions.\u00a0 Gr\u00e2ce \u00e0 un pH parfaitement \u00e9quilibr\u00e9 de 7, l&rsquo;eau min\u00e9rale SIN NUNU offre une neutralit\u00e9 optimale adapt\u00e9e aux besoins du corps humain, tout en pr\u00e9servant un subtil \u00e9quilibre entre les diff\u00e9rents oligo-\u00e9l\u00e9ments qui la compose.\u00a0 Avec<\/p>\n","protected":false},"author":1,"featured_media":0,"parent":0,"menu_order":0,"comment_status":"closed","ping_status":"closed","template":"","meta":{"inline_featured_image":false,"_joinchat":[],"footnotes":""},"class_list":["post-2411","page","type-page","status-publish","hentry"],"_links":{"self":[{"href":"https:\/\/sinnunu.com\/web\/wp-json\/wp\/v2\/pages\/2411","targetHints":{"allow":["GET"]}}],"collection":[{"href":"https:\/\/sinnunu.com\/web\/wp-json\/wp\/v2\/pages"}],"about":[{"href":"https:\/\/sinnunu.com\/web\/wp-json\/wp\/v2\/types\/page"}],"author":[{"embeddable":true,"href":"https:\/\/sinnunu.com\/web\/wp-json\/wp\/v2\/users\/1"}],"replies":[{"embeddable":true,"href":"https:\/\/sinnunu.com\/web\/wp-json\/wp\/v2\/comments?post=2411"}],"version-history":[{"count":20,"href":"https:\/\/sinnunu.com\/web\/wp-json\/wp\/v2\/pages\/2411\/revisions"}],"predecessor-version":[{"id":3601,"href":"https:\/\/sinnunu.com\/web\/wp-json\/wp\/v2\/pages\/2411\/revisions\/3601"}],"wp:attachment":[{"href":"https:\/\/sinnunu.com\/web\/wp-json\/wp\/v2\/media?parent=2411"}],"curies":[{"name":"wp","href":"https:\/\/api.w.org\/{rel}","templated":true}]}}